{"id":1032,"date":"2025-04-22T07:49:23","date_gmt":"2025-04-22T07:49:23","guid":{"rendered":"https:\/\/caipsgwdev.livelyriver-1779c080.northeurope.azurecontainerapps.io\/impressum\/"},"modified":"2025-07-08T05:41:28","modified_gmt":"2025-07-08T05:41:28","slug":"impressum","status":"publish","type":"page","link":"https:\/\/www.ips-ag.com\/de\/impressum\/","title":{"rendered":"Impressum"},"content":{"rendered":"\t\t<div data-elementor-type=\"wp-page\" data-elementor-id=\"1032\" class=\"elementor elementor-1032 elementor-861\" data-elementor-post-type=\"page\">\n\t\t\t\t<div class=\"elementor-element elementor-element-e46483b e-flex e-con-boxed e-con e-parent\" data-id=\"e46483b\" data-element_type=\"container\">\n\t\t\t\t\t<div class=\"e-con-inner\">\n\t\t\t\t<div class=\"elementor-element elementor-element-cb712b2 elementor-widget__width-inherit elementor-widget elementor-widget-global elementor-global-2117 elementor-global-129 elementor-widget-html\" data-id=\"cb712b2\" data-element_type=\"widget\" data-widget_type=\"html.default\">\n\t\t\t\t<div class=\"elementor-widget-container\">\n\t\t\t\t\t<header class=\"header roboto\">\n    <nav class=\"navbar navbar-expand-lg container\">\n      <div class=\"header__top\">\n        <a class=\"navbar-brand\" href=\"\/\" aria-label=\"IPS Group Home\"><img decoding=\"async\" alt=\"ips-group-logo\" src=\"\/wp-content\/themes\/ips-group-v1\/images\/ips-logo-no-claim.svg\"><\/a>\n        <button id=\"navbar-toggler\" class=\"navbar-toggler\" type=\"button\" data-bs-toggle=\"collapse\" data-bs-target=\"#navbarSupportedContent\" aria-controls=\"navbarSupportedContent\" aria-expanded=\"false\" aria-label=\"Toggle navigation\">\n          <span class=\"navbar-toggler-icon\"><\/span>\n        <\/button>\n      <\/div>\n      <div class=\"position-relative w-100\">\n        <div class=\"collapse navbar-collapse\" id=\"navbarSupportedContent\">\n          <ul class=\"navbar-nav ms-auto\">\n            <li class=\"nav-item dropdown\">\n              <a class=\"nav-link dropdown-toggle\" href=\"#\" id=\"navbarDropdown\" role=\"button\" data-bs-toggle=\"dropdown\" aria-haspopup=\"true\">\nWas wir tun\n              <\/a>\n              <div class=\"dropdown-menu animate slideIn\" aria-labelledby=\"navbarDropdown\">\n                <div class=\"header__submenu\">\n                  <div class=\"header__submenu-services\">\n                    <div class=\"header__submenu-section__title\">Dienstleistungen<\/div>\n                    <div class=\"header__submenu-section__body\">\n                      <div class=\"sub-service\">\n                        <a href=\"\/de\/kuenstliche-intelligenz\/\">\n                          <div class=\"sub-service__item\">\n                            <div class=\"sub-service__title\">\nK\u00fcnstliche Intelligenz\n                            <\/div>\n                            <div class=\"sub-service__description\">\nMit passender KI Wachstum freisetzen\n                            <\/div>\n                          <\/div>\n                        <\/a>\n                        <a href=\"\/de\/datenanalytik\/\">\n                          <div class=\"sub-service__item\">\n                            <div class=\"sub-service__title\">\nDaten und Analytik\n                            <\/div>\n                            <div class=\"sub-service__description\">\nBessere Entscheidungen mit modernen Datenplattformen treffen\n                            <\/div>\n                          <\/div>\n                        <\/a>\n                        <a href=\"\/de\/app-modernisierung\/\">\n                          <div class=\"sub-service__item\">\n                            <div class=\"sub-service__title\">\nApp-Modernisierung\n                            <\/div>\n                            <div class=\"sub-service__description\">\nVom Erbe zur Spitzenleistung: Apps modernisieren,\nPotenziale maximieren\n                            <\/div>\n                          <\/div>\n                        <\/a>\n                      <\/div>\n                      <div class=\"sub-service\">\n                        <a href=\"\/de\/app-entwicklung\/\">\n                          <div class=\"sub-service__item\">\n                            <div class=\"sub-service__title\">\nApp-Entwicklung\n                            <\/div>\n                            <div class=\"sub-service__description\">\nSt\u00e4rken Sie Ihre digitale Zukunft mit individuellen Apps\n                            <\/div>\n                          <\/div>\n                        <\/a>\n                        <a href=\"\/de\/geschaeftskritische-systeme\/\">\n                          <div class=\"sub-service__item\">\n                            <div class=\"sub-service__title\">\nGesch\u00e4ftskritische Systeme\n                            <\/div>\n                            <div class=\"sub-service__description\">\nMaximieren Sie die Leistung Ihrer IBM i Systeme\n                            <\/div>\n                          <\/div>\n                        <\/a>\n                        <a href=\"\/de\/cloud-foerderung\/\">\n                          <div class=\"sub-service__item\">\n                            <div class=\"sub-service__title\">\nCloud-F\u00f6rderung\n                            <\/div>\n                            <div class=\"sub-service__description\">\nBeschleunigen Sie Ihr Wachstum mit ma\u00dfgeschneiderten Cloud-L\u00f6sungen\n                            <\/div>\n                          <\/div>\n                        <\/a>\n                      <\/div>\n                    <\/div>\n                    <div class=\"header__submenu-section__action\">\n                      <a href=\"\/de\/wie-wir-liefern\/\" classname=\"  roboto\">\nWie wir liefern\n                        <svg classname=\"ml-2\" xmlns=\"http:\/\/www.w3.org\/2000\/svg\" width=\"24\" height=\"24\" viewbox=\"0 0 24 24\" fill=\"none\">\n                          <path d=\"M3.75 12H20.25\" stroke=\"#124F93\" stroke-width=\"1.5\" stroke-linecap=\"round\" stroke-linejoin=\"round\"\/>\n                          <path d=\"M13.5 5.25L20.25 12L13.5 18.75\" stroke=\"#124F93\" stroke-width=\"1.5\" stroke-linecap=\"round\" stroke-linejoin=\"round\"\/>\n                        <\/svg>\n                      <\/a>\n                    <\/div>\n                  <\/div>\n                  <div class=\"ver-divider\"><\/div>\n                  <div class=\"header__submenu-case-study\">\n                    <div class=\"header__submenu-section__title\">\nFallstudie\n                    <\/div>\n                    <div class=\"header__submenu-section__body\">\n                      <div class=\"case-study\" id=\"case-study-container\">\n                        <!-- Case study items will be dynamically rendered here -->\n                      <\/div>\n                    <\/div>\n                    <div class=\"header__submenu-section__action\">\n                      <a href=\"\/de\/fallstudien\/\" classname=\"  roboto\">\nMehr sehen\n                        <svg classname=\"ml-2\" xmlns=\"http:\/\/www.w3.org\/2000\/svg\" width=\"24\" height=\"24\" viewbox=\"0 0 24 24\" fill=\"none\">\n                          <path d=\"M3.75 12H20.25\" stroke=\"#124F93\" stroke-width=\"1.5\" stroke-linecap=\"round\" stroke-linejoin=\"round\"\/>\n                          <path d=\"M13.5 5.25L20.25 12L13.5 18.75\" stroke=\"#124F93\" stroke-width=\"1.5\" stroke-linecap=\"round\" stroke-linejoin=\"round\"\/>\n                        <\/svg>\n                      <\/a>\n                    <\/div>\n                  <\/div>\n                <\/div>\n              <\/div>\n            <\/li>\n            <li class=\"nav-item\">\n              <a class=\"nav-link\" href=\"\/de\/partner\/\">Partner<\/a>\n            <\/li>\n            <li class=\"nav-item\">\n              <a class=\"nav-link\" href=\"\/de\/ueber-uns\/\">\u00dcber uns<\/a>\n            <\/li>\n            <!--   <li class=\"nav-item\">\n              <a class=\"nav-link\" href=\"\/career\">Career<\/a>\n            <\/li> -->\n            <li class=\"nav-item\">\n              <a class=\"nav-link\" href=\"\/de\/kontaktieren-sie-uns\/\">Kontaktieren Sie uns<\/a>\n            <\/li>\n          <\/ul>\n          <div class=\"d-flex align-items-center header__controls justify-content-between\">\n            <!-- <form class=\"d-flex align-items-center gap-1\">\n              <input\n                class=\"form-control hidden\"\n                type=\"search\"\n                placeholder=\"Search\"\n                aria-label=\"Search\"\n                id=\"search-input\"\n              \/>\n              <img decoding=\"async\" id=\"search-icon\" type=\"button\" alt=\"search\" width=\"24\" height=\"24\" class=\"mx-8\" src=\"\/wp-content\/themes\/ips-group-v1\/images\/search.svg\" \/>\n            <\/form> -->\n            <!-- Language Dropdown -->\n            <div class=\"dropdown languages-dropdown\">\n              <button class=\"btn dropdown-toggle language-button\" type=\"button\" data-bs-toggle=\"dropdown\" data-bs-display=\"static\" aria-expanded=\"false\">\nEN\n              <\/button>\n              <ul class=\"dropdown-menu dropdown-menu-end dropdown-menu-lg-start fade-down\">\n                <li>\n                  <a class=\"dropdown-item\" href=\"#\">EN<\/a>\n                <\/li>\n                <li>\n                  <a class=\"dropdown-item\" href=\"#\">DE<\/a>\n                <\/li>\n              <\/ul>\n            <\/div>\n          <\/div>\n        <\/div>\n      <\/div>\n    <\/nav>\n  <\/header>\t\t\t\t<\/div>\n\t\t\t\t<\/div>\n\t\t\t\t\t<\/div>\n\t\t\t\t<\/div>\n\t\t<div class=\"elementor-element elementor-element-23b4c9a e-flex e-con-boxed e-con e-parent\" data-id=\"23b4c9a\" data-element_type=\"container\">\n\t\t\t\t\t<div class=\"e-con-inner\">\n\t\t\t\t<div class=\"elementor-element elementor-element-8f2bf10 elementor-widget elementor-widget-text-editor\" data-id=\"8f2bf10\" data-element_type=\"widget\" data-widget_type=\"text-editor.default\">\n\t\t\t\t<div class=\"elementor-widget-container\">\n\t\t\t\t\t\t\t\t\t<section class=\"elementor-section elementor-inner-section elementor-element elementor-element-af929e0 elementor-section-boxed elementor-section-height-default elementor-section-height-default\" data-id=\"af929e0\" data-element_type=\"section\"><div class=\"elementor-container elementor-column-gap-default\"><div class=\"elementor-column elementor-col-100 elementor-inner-column elementor-element elementor-element-5ae3867\" data-id=\"5ae3867\" data-element_type=\"column\"><div class=\"elementor-widget-wrap elementor-element-populated\"><div class=\"elementor-element elementor-element-0050e9a elementor-hidden-tablet elementor-hidden-mobile elementor-widget elementor-widget-heading\" data-id=\"0050e9a\" data-element_type=\"widget\" data-widget_type=\"heading.default\"><h2 class=\"elementor-widget-container\">Impressum<\/h2><h2 class=\"elementor-widget-container\"><strong style=\"font-size: 16px;\">IPS Solutions Est<\/strong><span style=\"font-size: 16px;\">.<\/span><\/h2><div class=\"elementor-element elementor-element-84711f9 elementor-widget elementor-widget-text-editor\" data-id=\"84711f9\" data-element_type=\"widget\" data-widget_type=\"text-editor.default\"><div class=\"elementor-widget-container\"><p>Landstrasse 6<\/p><p>9494 Schaan<\/p><p>LIECHTENSTEIN<\/p><p>Telefon: +423 232 40 00<\/p><p>E-Mail: <a href=\"mailto:info@ips-ag.com\">info@ips-ag.com<\/a><\/p><p>\u00a0<\/p><\/div><\/div><div class=\"elementor-element elementor-element-9d90a75 elementor-widget elementor-widget-text-editor\" data-id=\"9d90a75\" data-element_type=\"widget\" data-widget_type=\"text-editor.default\"><div class=\"elementor-widget-container\"><p><strong>Registereintrag:<\/strong><\/p><p>Eintrag ins Handelsregister.<\/p><p>Registernummer: FL-0002.246.872-4<\/p><\/div><\/div><div class=\"elementor-element elementor-element-92557d4 elementor-widget elementor-widget-heading\" data-id=\"92557d4\" data-element_type=\"widget\" data-widget_type=\"heading.default\"><h3>\u00a0<\/h3><h3 class=\"elementor-widget-container\">IPS ist der perfekte Partner von Digitalisierungsprojekten f\u00fcr f\u00fchrende Industrieunternehmen.<\/h3><p>\u00a0<\/p><\/div><div class=\"elementor-element elementor-element-dc54c59 elementor-widget elementor-widget-text-editor\" data-id=\"dc54c59\" data-element_type=\"widget\" data-widget_type=\"text-editor.default\"><div class=\"elementor-widget-container\"><p>Seit \u00fcber 30 Jahren treiben wir die digitale Entwicklung von Unternehmen voran \u2013 weltweit mit der Erfahrung und dem Know-how von \u00fcber 100 Spezialisten. IPS bietet Ihnen hierf\u00fcr ein breites Leistungsspektrum. Dabei konzentrieren wir uns auf L\u00f6sungen, die individuell auf Ihre Bed\u00fcrfnisse zugeschnitten sind. Und obwohl wir ein Hightech-Unternehmen sind, glauben wir an traditionelle Werte wie gegenseitiges Vertrauen, Verantwortung und langfristige Partnerschaften. Diese einzigartige Kombination aus Hightech-Kompetenz, qualifizierten Mitarbeitern und partnerschaftlichem Miteinander macht IPS auch f\u00fcr die Digitalisierung Ihres Unternehmens zum idealen Partner.<\/p><p>Unsere <a href=\"\/de\/datenschutz\/\" rel=\"nofollow \">Datenschutz- und Cookie-Richtlinie<\/a><\/p><\/div><\/div><\/div><\/div><\/div><\/div><\/section>\t\t\t\t\t\t\t\t<\/div>\n\t\t\t\t<\/div>\n\t\t\t\t\t<\/div>\n\t\t\t\t<\/div>\n\t\t<div class=\"elementor-element elementor-element-295a0ff e-con-full e-flex e-con e-parent\" data-id=\"295a0ff\" data-element_type=\"container\">\n\t\t\t\t<div class=\"elementor-element elementor-element-520abbc elementor-widget__width-inherit elementor-widget elementor-widget-global elementor-global-2119 elementor-global-132 elementor-widget-html\" data-id=\"520abbc\" data-element_type=\"widget\" data-widget_type=\"html.default\">\n\t\t\t\t<div class=\"elementor-widget-container\">\n\t\t\t\t\t  <footer class=\"footer\">\r\n      <div class=\"container footer__container\">\r\n        <div class=\"footer__content\">\r\n          <div class=\"footer__graphics\">\r\n            <img loading=\"lazy\" decoding=\"async\" alt=\"ips-logo\" loading=\"lazy\" width=\"141\" height=\"60\" class=\"footer__logo\" src=\"\/wp-content\/themes\/ips-group-v1\/images\/logo_claim.svg\">\r\n            <p class=\"footer__text\">\r\n  Vom Code zur Wirkung. Wir liefern pr\u00e4zise digitale L\u00f6sungen,\r\n weltweit. \r\n            <\/p>\r\n          <\/div>\r\n\r\n          <div class=\"footer__menu roboto accordion\">\r\n            <div class=\"accordion-item\">\r\n              <p class=\"accordion-button footer__title collapsed\" data-bs-toggle=\"collapse\" data-bs-target=\"#panelsStayOpen-collapseTwo\" aria-expanded=\"false\" aria-controls=\"panelsStayOpen-collapseTwo\">\r\n  WAS WIR TUN\r\n              <\/p>\r\n              <div id=\"panelsStayOpen-collapseTwo\" class=\"accordion-collapse collapse\">\r\n                <div class=\"accordion-body\">\r\n                  <ul class=\"footer__list\">\r\n                    <li>\r\n                      <a href=\"https:\/\/caipsgwdev1.bluetree-3476d3db.northeurope.azurecontainerapps.io\/de\/kuenstliche-intelligenz\/\">K\u00fcnstliche Intelligenz<\/a>\r\n                    <\/li>\r\n                    <li>\r\n                      <a href=\"https:\/\/caipsgwdev1.bluetree-3476d3db.northeurope.azurecontainerapps.io\/de\/datenanalytik\/\">Daten und Analytik<\/a>\r\n                    <\/li>\r\n                    <li>\r\n                      <a href=\"https:\/\/caipsgwdev1.bluetree-3476d3db.northeurope.azurecontainerapps.io\/de\/app-modernisierung\/\">App-Modernisierung<\/a>\r\n                    <\/li>\r\n                    <li><a href=\"https:\/\/caipsgwdev1.bluetree-3476d3db.northeurope.azurecontainerapps.io\/de\/app-entwicklung\/\">App-Entwicklung<\/a><\/li>\r\n                    <li>\r\n                      <a href=\"https:\/\/caipsgwdev1.bluetree-3476d3db.northeurope.azurecontainerapps.io\/de\/geschaeftskritische-systeme\/\">Gesch\u00e4ftskritische Systeme<\/a>\r\n                    <\/li>\r\n                    <li>\r\n                      <a href=\"https:\/\/caipsgwdev1.bluetree-3476d3db.northeurope.azurecontainerapps.io\/de\/cloud-foerderung\/\">Cloud-F\u00f6rderung<\/a>\r\n                    <\/li>\r\n                  <\/ul>\r\n                <\/div>\r\n              <\/div>\r\n            <\/div>\r\n            <div class=\"accordion-item\">\r\n              <p class=\"accordion-button footer__title collapsed\" data-bs-toggle=\"collapse\" data-bs-target=\"#panelsStayOpen-collapseOne\" aria-controls=\"panelsStayOpen-collapseOne\">\r\n  UNTERNEHMEN\r\n              <\/p>\r\n              <div id=\"panelsStayOpen-collapseOne\" class=\"accordion-collapse collapse\">\r\n                <div class=\"accordion-body\">\r\n                  <ul class=\"footer__list\">\r\n                    <li><a href=\"https:\/\/caipsgwdev1.bluetree-3476d3db.northeurope.azurecontainerapps.io\/de\/partner\/\">Partner<\/a><\/li>\r\n                    <li><a href=\"https:\/\/caipsgwdev1.bluetree-3476d3db.northeurope.azurecontainerapps.io\/de\/ueber-uns\/\">\u00dcber uns<\/a><\/li>\r\n                   <!--  <li><a href=\"\/careeer\">Career<\/a><\/li>\r\n                    <li>\r\n                      <a href=\"https:\/\/caipsgwdev1.bluetree-3476d3db.northeurope.azurecontainerapps.io\/de\/nachrichten\/\">News &amp; Events<\/a>\r\n                    <\/li> -->\r\n                    <li><a href=\"https:\/\/caipsgwdev1.bluetree-3476d3db.northeurope.azurecontainerapps.io\/de\/kontaktieren-sie-uns\/\">Kontaktieren Sie uns<\/a><\/li>\r\n                  <\/ul>\r\n                <\/div>\r\n              <\/div>\r\n            <\/div>\r\n            <div class=\"accordion-item\">\r\n              <p class=\"accordion-button footer__title collapsed\" data-bs-toggle=\"collapse\" data-bs-target=\"#panelsStayOpen-collapseThree\" aria-expanded=\"false\" aria-controls=\"panelsStayOpen-collapseThree\">\r\n RECHTLICHES\r\n              <\/p>\r\n              <div id=\"panelsStayOpen-collapseThree\" class=\"accordion-collapse collapse\">\r\n                <div class=\"accordion-body\">\r\n                  <ul class=\"footer__list\">\r\n                    <li><a href=\"https:\/\/caipsgwdev1.bluetree-3476d3db.northeurope.azurecontainerapps.io\/de\/unternehmensethik\/\">Gesch\u00e4ftsethik<\/a><\/li>\r\n                    <li><a href=\"https:\/\/caipsgwdev1.bluetree-3476d3db.northeurope.azurecontainerapps.io\/de\/datenschutz\/\">Datenschutz<\/a><\/li>\r\n                    <li><a href=\"https:\/\/caipsgwdev1.bluetree-3476d3db.northeurope.azurecontainerapps.io\/de\/impressum\/\">Impressum<\/a><\/li>\r\n                  <\/ul>\r\n                <\/div>\r\n              <\/div>\r\n            <\/div>\r\n          <\/div>\r\n        <\/div>\r\n        <div class=\"footer__bottom roboto\">\r\n          <p>\u00a9 2026 IPS AG. Alle Rechte vorbehalten. <\/p>\r\n          <div class=\"footer__social-icons\">\r\n            <!--  <a href=\"#\"><img loading=\"lazy\" decoding=\"async\" alt=\"x-logo\" loading=\"lazy\" width=\"24\" height=\"24\" src=\"\/wp-content\/themes\/ips-group-v1\/images\/x-logo.svg\" \/>\r\n            <\/a> -->\r\n            <a href=\"https:\/\/www.linkedin.com\/company\/ips-ag\" target=\"_blank\"><img loading=\"lazy\" decoding=\"async\" alt=\"In-Logo\" loading=\"lazy\" width=\"24\" height=\"24\" src=\"\/wp-content\/themes\/ips-group-v1\/images\/in-logo.svg\"><\/a>\r\n            <!-- <a href=\"https:\/\/www.linkedin.com\/company\/ips-ag\" target=\"_blank\"><img loading=\"lazy\" decoding=\"async\" alt=\"fb-logo\" loading=\"lazy\" width=\"24\" height=\"24\" src=\"\/wp-content\/themes\/ips-group-v1\/images\/fb-logo.svg\" \/><\/a> test -->\r\n          <\/div>\r\n        <\/div>\r\n      <\/div>\r\n    <\/footer>\t\t\t\t<\/div>\n\t\t\t\t<\/div>\n\t\t\t\t<\/div>\n\t\t\t\t<\/div>\n\t\t","protected":false},"excerpt":{"rendered":"<p>What we do Services Artificial Intelligence Unlock Growth With AI That Fits Data and Analytics Unlock Smarter Decisions with Modern Data Platforms App Modernization From Legacy to Lightning-Fast: Modernize Apps, Maximize Potential App Development Power Your Digital Future with Custom Apps Business Critical Systems Maximize the Power of Your IBM i Systems Cloud Enablement Accelerate [&hellip;]<\/p>\n","protected":false},"author":1,"featured_media":0,"parent":0,"menu_order":0,"comment_status":"closed","ping_status":"closed","template":"elementor_canvas","meta":{"content-type":"","footnotes":""},"class_list":["post-1032","page","type-page","status-publish","hentry"],"_links":{"self":[{"href":"https:\/\/www.ips-ag.com\/de\/wp-json\/wp\/v2\/pages\/1032","targetHints":{"allow":["GET"]}}],"collection":[{"href":"https:\/\/www.ips-ag.com\/de\/wp-json\/wp\/v2\/pages"}],"about":[{"href":"https:\/\/www.ips-ag.com\/de\/wp-json\/wp\/v2\/types\/page"}],"author":[{"embeddable":true,"href":"https:\/\/www.ips-ag.com\/de\/wp-json\/wp\/v2\/users\/1"}],"replies":[{"embeddable":true,"href":"https:\/\/www.ips-ag.com\/de\/wp-json\/wp\/v2\/comments?post=1032"}],"version-history":[{"count":19,"href":"https:\/\/www.ips-ag.com\/de\/wp-json\/wp\/v2\/pages\/1032\/revisions"}],"predecessor-version":[{"id":8184,"href":"https:\/\/www.ips-ag.com\/de\/wp-json\/wp\/v2\/pages\/1032\/revisions\/8184"}],"wp:attachment":[{"href":"https:\/\/www.ips-ag.com\/de\/wp-json\/wp\/v2\/media?parent=1032"}],"curies":[{"name":"wp","href":"https:\/\/api.w.org\/{rel}","templated":true}]}}