{"id":2736,"date":"2025-05-13T08:04:58","date_gmt":"2025-05-13T08:04:58","guid":{"rendered":"https:\/\/caipsgwdev1.bluetree-3476d3db.northeurope.azurecontainerapps.io\/kontaktieren-sie-uns\/"},"modified":"2025-07-11T11:47:14","modified_gmt":"2025-07-11T11:47:14","slug":"kontaktieren-sie-uns","status":"publish","type":"page","link":"https:\/\/www.ips-ag.com\/de\/kontaktieren-sie-uns\/","title":{"rendered":"Kontaktieren Sie uns"},"content":{"rendered":"\t\t<div data-elementor-type=\"wp-page\" data-elementor-id=\"2736\" class=\"elementor elementor-2736 elementor-2329\" data-elementor-post-type=\"page\">\n\t\t\t\t<div class=\"elementor-element elementor-element-22ab428 e-con-full e-flex e-con e-parent\" data-id=\"22ab428\" data-element_type=\"container\">\n\t\t\t\t<div class=\"elementor-element elementor-element-fc7dcfb elementor-widget__width-inherit elementor-widget elementor-widget-global elementor-global-2117 elementor-global-129 elementor-widget-html\" data-id=\"fc7dcfb\" data-element_type=\"widget\" data-widget_type=\"html.default\">\n\t\t\t\t<div class=\"elementor-widget-container\">\n\t\t\t\t\t<header class=\"header roboto\">\n    <nav class=\"navbar navbar-expand-lg container\">\n      <div class=\"header__top\">\n        <a class=\"navbar-brand\" href=\"\/\" aria-label=\"IPS Group Home\"><img decoding=\"async\" alt=\"ips-group-logo\" src=\"\/wp-content\/themes\/ips-group-v1\/images\/ips-logo-no-claim.svg\"><\/a>\n        <button id=\"navbar-toggler\" class=\"navbar-toggler\" type=\"button\" data-bs-toggle=\"collapse\" data-bs-target=\"#navbarSupportedContent\" aria-controls=\"navbarSupportedContent\" aria-expanded=\"false\" aria-label=\"Toggle navigation\">\n          <span class=\"navbar-toggler-icon\"><\/span>\n        <\/button>\n      <\/div>\n      <div class=\"position-relative w-100\">\n        <div class=\"collapse navbar-collapse\" id=\"navbarSupportedContent\">\n          <ul class=\"navbar-nav ms-auto\">\n            <li class=\"nav-item dropdown\">\n              <a class=\"nav-link dropdown-toggle\" href=\"#\" id=\"navbarDropdown\" role=\"button\" data-bs-toggle=\"dropdown\" aria-haspopup=\"true\">\nWas wir tun\n              <\/a>\n              <div class=\"dropdown-menu animate slideIn\" aria-labelledby=\"navbarDropdown\">\n                <div class=\"header__submenu\">\n                  <div class=\"header__submenu-services\">\n                    <div class=\"header__submenu-section__title\">Dienstleistungen<\/div>\n                    <div class=\"header__submenu-section__body\">\n                      <div class=\"sub-service\">\n                        <a href=\"\/de\/kuenstliche-intelligenz\/\">\n                          <div class=\"sub-service__item\">\n                            <div class=\"sub-service__title\">\nK\u00fcnstliche Intelligenz\n                            <\/div>\n                            <div class=\"sub-service__description\">\nMit passender KI Wachstum freisetzen\n                            <\/div>\n                          <\/div>\n                        <\/a>\n                        <a href=\"\/de\/datenanalytik\/\">\n                          <div class=\"sub-service__item\">\n                            <div class=\"sub-service__title\">\nDaten und Analytik\n                            <\/div>\n                            <div class=\"sub-service__description\">\nBessere Entscheidungen mit modernen Datenplattformen treffen\n                            <\/div>\n                          <\/div>\n                        <\/a>\n                        <a href=\"\/de\/app-modernisierung\/\">\n                          <div class=\"sub-service__item\">\n                            <div class=\"sub-service__title\">\nApp-Modernisierung\n                            <\/div>\n                            <div class=\"sub-service__description\">\nVom Erbe zur Spitzenleistung: Apps modernisieren,\nPotenziale maximieren\n                            <\/div>\n                          <\/div>\n                        <\/a>\n                      <\/div>\n                      <div class=\"sub-service\">\n                        <a href=\"\/de\/app-entwicklung\/\">\n                          <div class=\"sub-service__item\">\n                            <div class=\"sub-service__title\">\nApp-Entwicklung\n                            <\/div>\n                            <div class=\"sub-service__description\">\nSt\u00e4rken Sie Ihre digitale Zukunft mit individuellen Apps\n                            <\/div>\n                          <\/div>\n                        <\/a>\n                        <a href=\"\/de\/geschaeftskritische-systeme\/\">\n                          <div class=\"sub-service__item\">\n                            <div class=\"sub-service__title\">\nGesch\u00e4ftskritische Systeme\n                            <\/div>\n                            <div class=\"sub-service__description\">\nMaximieren Sie die Leistung Ihrer IBM i Systeme\n                            <\/div>\n                          <\/div>\n                        <\/a>\n                        <a href=\"\/de\/cloud-foerderung\/\">\n                          <div class=\"sub-service__item\">\n                            <div class=\"sub-service__title\">\nCloud-F\u00f6rderung\n                            <\/div>\n                            <div class=\"sub-service__description\">\nBeschleunigen Sie Ihr Wachstum mit ma\u00dfgeschneiderten Cloud-L\u00f6sungen\n                            <\/div>\n                          <\/div>\n                        <\/a>\n                      <\/div>\n                    <\/div>\n                    <div class=\"header__submenu-section__action\">\n                      <a href=\"\/de\/wie-wir-liefern\/\" classname=\"  roboto\">\nWie wir liefern\n                        <svg classname=\"ml-2\" xmlns=\"http:\/\/www.w3.org\/2000\/svg\" width=\"24\" height=\"24\" viewbox=\"0 0 24 24\" fill=\"none\">\n                          <path d=\"M3.75 12H20.25\" stroke=\"#124F93\" stroke-width=\"1.5\" stroke-linecap=\"round\" stroke-linejoin=\"round\"\/>\n                          <path d=\"M13.5 5.25L20.25 12L13.5 18.75\" stroke=\"#124F93\" stroke-width=\"1.5\" stroke-linecap=\"round\" stroke-linejoin=\"round\"\/>\n                        <\/svg>\n                      <\/a>\n                    <\/div>\n                  <\/div>\n                  <div class=\"ver-divider\"><\/div>\n                  <div class=\"header__submenu-case-study\">\n                    <div class=\"header__submenu-section__title\">\nFallstudie\n                    <\/div>\n                    <div class=\"header__submenu-section__body\">\n                      <div class=\"case-study\" id=\"case-study-container\">\n                        <!-- Case study items will be dynamically rendered here -->\n                      <\/div>\n                    <\/div>\n                    <div class=\"header__submenu-section__action\">\n                      <a href=\"\/de\/fallstudien\/\" classname=\"  roboto\">\nMehr sehen\n                        <svg classname=\"ml-2\" xmlns=\"http:\/\/www.w3.org\/2000\/svg\" width=\"24\" height=\"24\" viewbox=\"0 0 24 24\" fill=\"none\">\n                          <path d=\"M3.75 12H20.25\" stroke=\"#124F93\" stroke-width=\"1.5\" stroke-linecap=\"round\" stroke-linejoin=\"round\"\/>\n                          <path d=\"M13.5 5.25L20.25 12L13.5 18.75\" stroke=\"#124F93\" stroke-width=\"1.5\" stroke-linecap=\"round\" stroke-linejoin=\"round\"\/>\n                        <\/svg>\n                      <\/a>\n                    <\/div>\n                  <\/div>\n                <\/div>\n              <\/div>\n            <\/li>\n            <li class=\"nav-item\">\n              <a class=\"nav-link\" href=\"\/de\/partner\/\">Partner<\/a>\n            <\/li>\n            <li class=\"nav-item\">\n              <a class=\"nav-link\" href=\"\/de\/ueber-uns\/\">\u00dcber uns<\/a>\n            <\/li>\n            <!--   <li class=\"nav-item\">\n              <a class=\"nav-link\" href=\"\/career\">Career<\/a>\n            <\/li> -->\n            <li class=\"nav-item\">\n              <a class=\"nav-link\" href=\"\/de\/kontaktieren-sie-uns\/\">Kontaktieren Sie uns<\/a>\n            <\/li>\n          <\/ul>\n          <div class=\"d-flex align-items-center header__controls justify-content-between\">\n            <!-- <form class=\"d-flex align-items-center gap-1\">\n              <input\n                class=\"form-control hidden\"\n                type=\"search\"\n                placeholder=\"Search\"\n                aria-label=\"Search\"\n                id=\"search-input\"\n              \/>\n              <img decoding=\"async\" id=\"search-icon\" type=\"button\" alt=\"search\" width=\"24\" height=\"24\" class=\"mx-8\" src=\"\/wp-content\/themes\/ips-group-v1\/images\/search.svg\" \/>\n            <\/form> -->\n            <!-- Language Dropdown -->\n            <div class=\"dropdown languages-dropdown\">\n              <button class=\"btn dropdown-toggle language-button\" type=\"button\" data-bs-toggle=\"dropdown\" data-bs-display=\"static\" aria-expanded=\"false\">\nEN\n              <\/button>\n              <ul class=\"dropdown-menu dropdown-menu-end dropdown-menu-lg-start fade-down\">\n                <li>\n                  <a class=\"dropdown-item\" href=\"#\">EN<\/a>\n                <\/li>\n                <li>\n                  <a class=\"dropdown-item\" href=\"#\">DE<\/a>\n                <\/li>\n              <\/ul>\n            <\/div>\n          <\/div>\n        <\/div>\n      <\/div>\n    <\/nav>\n  <\/header>\t\t\t\t<\/div>\n\t\t\t\t<\/div>\n\t\t\t\t<\/div>\n\t\t<div class=\"elementor-element elementor-element-2ec1080 e-con-full e-flex e-con e-parent\" data-id=\"2ec1080\" data-element_type=\"container\">\n\t\t\t\t<div class=\"elementor-element elementor-element-c4319e1 elementor-widget elementor-widget-html\" data-id=\"c4319e1\" data-element_type=\"widget\" data-widget_type=\"html.default\">\n\t\t\t\t<div class=\"elementor-widget-container\">\n\t\t\t\t\t<section class=\"contact-section\" id=\"contact\">\r\n        <div class=\"container contact-section__container\">\r\n          <div class=\"contact-section__content\">\r\n            <h2 class=\"contact-section__title\">Kontaktieren Sie uns<\/h2>\r\n            <div class=\"badge\"><\/div>\r\n            <p class=\"contact-section__description\">\r\n Wachstum freisetzen. Mit passender KI.\r\n            <\/p>\r\n          <\/div>\r\n        <\/div>\r\n      <\/section>\t\t\t\t<\/div>\n\t\t\t\t<\/div>\n\t\t\t\t<div class=\"elementor-element elementor-element-2736d1e elementor-widget elementor-widget-template\" data-id=\"2736d1e\" data-element_type=\"widget\" data-widget_type=\"template.default\">\n\t\t\t\t<div class=\"elementor-widget-container\">\n\t\t\t\t\t\t\t<div class=\"elementor-template\">\n\t\t\t\t\t<div data-elementor-type=\"container\" data-elementor-id=\"2115\" class=\"elementor elementor-2115 elementor-874\" data-elementor-post-type=\"elementor_library\">\n\t\t\t\t<div class=\"elementor-element elementor-element-198191a0 e-flex e-con-boxed e-con e-parent\" data-id=\"198191a0\" data-element_type=\"container\">\n\t\t\t\t\t<div class=\"e-con-inner\">\n\t\t<div class=\"elementor-element elementor-element-7f210179 e-con-full e-flex e-con e-child\" data-id=\"7f210179\" data-element_type=\"container\">\n\t\t\t\t<div class=\"elementor-element elementor-element-3a7f4d75 elementor-widget elementor-widget-html\" data-id=\"3a7f4d75\" data-element_type=\"widget\" data-widget_type=\"html.default\">\n\t\t\t\t<div class=\"elementor-widget-container\">\n\t\t\t\t\t<script src=\"https:\/\/js.hsforms.net\/forms\/embed\/47714440.js\" defer><\/script>\n<div class=\"hs-form-frame\" data-region=\"na1\" data-form-id=\"175fb933-c236-4df0-87b9-df1a708f465f\" data-portal-id=\"47714440\"><\/div>\t\t\t\t<\/div>\n\t\t\t\t<\/div>\n\t\t\t\t<\/div>\n\t\t\t\t\t<\/div>\n\t\t\t\t<\/div>\n\t\t\t\t<\/div>\n\t\t\t\t<\/div>\n\t\t\t\t\t\t<\/div>\n\t\t\t\t<\/div>\n\t\t\t\t<\/div>\n\t\t<div class=\"elementor-element elementor-element-da17873 e-con-full e-flex e-con e-parent\" data-id=\"da17873\" data-element_type=\"container\">\n\t\t\t\t<div class=\"elementor-element elementor-element-0160356 elementor-widget__width-inherit elementor-widget elementor-widget-global elementor-global-2119 elementor-global-132 elementor-widget-html\" data-id=\"0160356\" data-element_type=\"widget\" data-widget_type=\"html.default\">\n\t\t\t\t<div class=\"elementor-widget-container\">\n\t\t\t\t\t  <footer class=\"footer\">\r\n      <div class=\"container footer__container\">\r\n        <div class=\"footer__content\">\r\n          <div class=\"footer__graphics\">\r\n            <img loading=\"lazy\" decoding=\"async\" alt=\"ips-logo\" loading=\"lazy\" width=\"141\" height=\"60\" class=\"footer__logo\" src=\"\/wp-content\/themes\/ips-group-v1\/images\/logo_claim.svg\">\r\n            <p class=\"footer__text\">\r\n  Vom Code zur Wirkung. Wir liefern pr\u00e4zise digitale L\u00f6sungen,\r\n weltweit. \r\n            <\/p>\r\n          <\/div>\r\n\r\n          <div class=\"footer__menu roboto accordion\">\r\n            <div class=\"accordion-item\">\r\n              <p class=\"accordion-button footer__title collapsed\" data-bs-toggle=\"collapse\" data-bs-target=\"#panelsStayOpen-collapseTwo\" aria-expanded=\"false\" aria-controls=\"panelsStayOpen-collapseTwo\">\r\n  WAS WIR TUN\r\n              <\/p>\r\n              <div id=\"panelsStayOpen-collapseTwo\" class=\"accordion-collapse collapse\">\r\n                <div class=\"accordion-body\">\r\n                  <ul class=\"footer__list\">\r\n                    <li>\r\n                      <a href=\"https:\/\/caipsgwdev1.bluetree-3476d3db.northeurope.azurecontainerapps.io\/de\/kuenstliche-intelligenz\/\">K\u00fcnstliche Intelligenz<\/a>\r\n                    <\/li>\r\n                    <li>\r\n                      <a href=\"https:\/\/caipsgwdev1.bluetree-3476d3db.northeurope.azurecontainerapps.io\/de\/datenanalytik\/\">Daten und Analytik<\/a>\r\n                    <\/li>\r\n                    <li>\r\n                      <a href=\"https:\/\/caipsgwdev1.bluetree-3476d3db.northeurope.azurecontainerapps.io\/de\/app-modernisierung\/\">App-Modernisierung<\/a>\r\n                    <\/li>\r\n                    <li><a href=\"https:\/\/caipsgwdev1.bluetree-3476d3db.northeurope.azurecontainerapps.io\/de\/app-entwicklung\/\">App-Entwicklung<\/a><\/li>\r\n                    <li>\r\n                      <a href=\"https:\/\/caipsgwdev1.bluetree-3476d3db.northeurope.azurecontainerapps.io\/de\/geschaeftskritische-systeme\/\">Gesch\u00e4ftskritische Systeme<\/a>\r\n                    <\/li>\r\n                    <li>\r\n                      <a href=\"https:\/\/caipsgwdev1.bluetree-3476d3db.northeurope.azurecontainerapps.io\/de\/cloud-foerderung\/\">Cloud-F\u00f6rderung<\/a>\r\n                    <\/li>\r\n                  <\/ul>\r\n                <\/div>\r\n              <\/div>\r\n            <\/div>\r\n            <div class=\"accordion-item\">\r\n              <p class=\"accordion-button footer__title collapsed\" data-bs-toggle=\"collapse\" data-bs-target=\"#panelsStayOpen-collapseOne\" aria-controls=\"panelsStayOpen-collapseOne\">\r\n  UNTERNEHMEN\r\n              <\/p>\r\n              <div id=\"panelsStayOpen-collapseOne\" class=\"accordion-collapse collapse\">\r\n                <div class=\"accordion-body\">\r\n                  <ul class=\"footer__list\">\r\n                    <li><a href=\"https:\/\/caipsgwdev1.bluetree-3476d3db.northeurope.azurecontainerapps.io\/de\/partner\/\">Partner<\/a><\/li>\r\n                    <li><a href=\"https:\/\/caipsgwdev1.bluetree-3476d3db.northeurope.azurecontainerapps.io\/de\/ueber-uns\/\">\u00dcber uns<\/a><\/li>\r\n                   <!--  <li><a href=\"\/careeer\">Career<\/a><\/li>\r\n                    <li>\r\n                      <a href=\"https:\/\/caipsgwdev1.bluetree-3476d3db.northeurope.azurecontainerapps.io\/de\/nachrichten\/\">News &amp; Events<\/a>\r\n                    <\/li> -->\r\n                    <li><a href=\"https:\/\/caipsgwdev1.bluetree-3476d3db.northeurope.azurecontainerapps.io\/de\/kontaktieren-sie-uns\/\">Kontaktieren Sie uns<\/a><\/li>\r\n                  <\/ul>\r\n                <\/div>\r\n              <\/div>\r\n            <\/div>\r\n            <div class=\"accordion-item\">\r\n              <p class=\"accordion-button footer__title collapsed\" data-bs-toggle=\"collapse\" data-bs-target=\"#panelsStayOpen-collapseThree\" aria-expanded=\"false\" aria-controls=\"panelsStayOpen-collapseThree\">\r\n RECHTLICHES\r\n              <\/p>\r\n              <div id=\"panelsStayOpen-collapseThree\" class=\"accordion-collapse collapse\">\r\n                <div class=\"accordion-body\">\r\n                  <ul class=\"footer__list\">\r\n                    <li><a href=\"https:\/\/caipsgwdev1.bluetree-3476d3db.northeurope.azurecontainerapps.io\/de\/unternehmensethik\/\">Gesch\u00e4ftsethik<\/a><\/li>\r\n                    <li><a href=\"https:\/\/caipsgwdev1.bluetree-3476d3db.northeurope.azurecontainerapps.io\/de\/datenschutz\/\">Datenschutz<\/a><\/li>\r\n                    <li><a href=\"https:\/\/caipsgwdev1.bluetree-3476d3db.northeurope.azurecontainerapps.io\/de\/impressum\/\">Impressum<\/a><\/li>\r\n                  <\/ul>\r\n                <\/div>\r\n              <\/div>\r\n            <\/div>\r\n          <\/div>\r\n        <\/div>\r\n        <div class=\"footer__bottom roboto\">\r\n          <p>\u00a9 2026 IPS AG. Alle Rechte vorbehalten. <\/p>\r\n          <div class=\"footer__social-icons\">\r\n            <!--  <a href=\"#\"><img loading=\"lazy\" decoding=\"async\" alt=\"x-logo\" loading=\"lazy\" width=\"24\" height=\"24\" src=\"\/wp-content\/themes\/ips-group-v1\/images\/x-logo.svg\" \/>\r\n            <\/a> -->\r\n            <a href=\"https:\/\/www.linkedin.com\/company\/ips-ag\" target=\"_blank\"><img loading=\"lazy\" decoding=\"async\" alt=\"In-Logo\" loading=\"lazy\" width=\"24\" height=\"24\" src=\"\/wp-content\/themes\/ips-group-v1\/images\/in-logo.svg\"><\/a>\r\n            <!-- <a href=\"https:\/\/www.linkedin.com\/company\/ips-ag\" target=\"_blank\"><img loading=\"lazy\" decoding=\"async\" alt=\"fb-logo\" loading=\"lazy\" width=\"24\" height=\"24\" src=\"\/wp-content\/themes\/ips-group-v1\/images\/fb-logo.svg\" \/><\/a> test -->\r\n          <\/div>\r\n        <\/div>\r\n      <\/div>\r\n    <\/footer>\t\t\t\t<\/div>\n\t\t\t\t<\/div>\n\t\t\t\t<\/div>\n\t\t\t\t<\/div>\n\t\t","protected":false},"excerpt":{"rendered":"<p>Was wir tun Dienstleistungen K\u00fcnstliche Intelligenz Mit passender KI Wachstum freisetzen Daten und Analytik Bessere Entscheidungen mit modernen Datenplattformen treffen App-Modernisierung Vom Erbe zur Spitzenleistung: Apps modernisieren, Potenziale maximieren App-Entwicklung St\u00e4rken Sie Ihre digitale Zukunft mit individuellen Apps Gesch\u00e4ftskritische Systeme Maximieren Sie die Leistung Ihrer IBM i Systeme Cloud-F\u00f6rderung Beschleunigen Sie Ihr Wachstum mit ma\u00dfgeschneiderten [&hellip;]<\/p>\n","protected":false},"author":1,"featured_media":0,"parent":0,"menu_order":0,"comment_status":"closed","ping_status":"closed","template":"elementor_canvas","meta":{"content-type":"","footnotes":""},"class_list":["post-2736","page","type-page","status-publish","hentry"],"_links":{"self":[{"href":"https:\/\/www.ips-ag.com\/de\/wp-json\/wp\/v2\/pages\/2736","targetHints":{"allow":["GET"]}}],"collection":[{"href":"https:\/\/www.ips-ag.com\/de\/wp-json\/wp\/v2\/pages"}],"about":[{"href":"https:\/\/www.ips-ag.com\/de\/wp-json\/wp\/v2\/types\/page"}],"author":[{"embeddable":true,"href":"https:\/\/www.ips-ag.com\/de\/wp-json\/wp\/v2\/users\/1"}],"replies":[{"embeddable":true,"href":"https:\/\/www.ips-ag.com\/de\/wp-json\/wp\/v2\/comments?post=2736"}],"version-history":[{"count":14,"href":"https:\/\/www.ips-ag.com\/de\/wp-json\/wp\/v2\/pages\/2736\/revisions"}],"predecessor-version":[{"id":7082,"href":"https:\/\/www.ips-ag.com\/de\/wp-json\/wp\/v2\/pages\/2736\/revisions\/7082"}],"wp:attachment":[{"href":"https:\/\/www.ips-ag.com\/de\/wp-json\/wp\/v2\/media?parent=2736"}],"curies":[{"name":"wp","href":"https:\/\/api.w.org\/{rel}","templated":true}]}}